{"id":10,"date":"2016-01-04T19:35:35","date_gmt":"2016-01-04T19:35:35","guid":{"rendered":"http:\/\/gemeinschaftspraxis-gau-bischofsheim.de\/?page_id=10"},"modified":"2024-04-22T20:59:09","modified_gmt":"2024-04-22T20:59:09","slug":"home","status":"publish","type":"page","link":"https:\/\/gemeinschaftspraxis-gau-bischofsheim.de\/home\/","title":{"rendered":"Home"},"content":{"rendered":"\n<p>Liebe Patienten!<\/p>\n\n\n\n<p>Herzlich Willkommen in unserer haus\u00e4rztlichen Gemeinschaftspraxis.<\/p>\n\n\n\n<p>Wir behandeln die ganze Familie vom S\u00e4ugling bis zur Oma. <\/p>\n\n\n\n<p>F\u00fcr Terminvereinbarungen melden Sie sich bitte telefonisch unter 06135-4202. Falls Sie Rezepte oder \u00dcberweisungen bestellen m\u00f6chten k\u00f6nnen Sie das gerne per <strong>E-Mail<\/strong> unter <strong>info(at)gemeinschaftspraxis-gau-bischofsheim.de<\/strong>, \u00fcber das <strong>Kontaktformular<\/strong> auf der Homepage oder, falls Sie sich bei uns registriert haben, per <strong>Arzt-direkt-App<\/strong> tun.   Beachten Sie bitte, dass wir Rezeptw\u00fcnsche von gesetzlich versicherten Patienten erst annehmen k\u00f6nnen, wenn uns im laufenden Quartal die <strong>Versicherungskarte<\/strong> einmal vorgelegt wurde! Die fertigen Formulare k\u00f6nnen Sie <strong>am Folgetag in der Praxis abholen<\/strong>, wenn Ihre <strong>Bestellung bis 12 Uhr <\/strong>eingegangen ist. Kassenpatienten bekommen die Medikamente per eRezept i.d.R. am Ende unseres Arbeitstages in der Apotheke unter Vorlage der Versichertenkarte.<\/p>\n\n\n\n<p><\/p>\n\n\n\n<p><\/p>\n\n\n\n<p>Dr. med. Julia Rieckenberg&nbsp;&nbsp; &nbsp;&nbsp;&nbsp; &nbsp;&nbsp;&nbsp; &nbsp;Dr. med. Gabriele Reinecke<\/p>\n\n\n\n<div class=\"separator-headline\"><span><h2>Informationen im \u00dcberblick<\/h2><\/span><\/div>\n\n\n<div class=\"bo-iconbox-wrapper\"><div class=\"ibox3\"><a href=\"https:\/\/gemeinschaftspraxis-gau-bischofsheim.de\/home\/praxis-2\/\"><div class=\"ibox3-icon\" style=\"background:#f0f1f6;\"><i style=\"color:#dd1616; \" class=\"icon-medkit\"><\/i><\/div><div class=\"ibox3-content\"><h3>Praxis<\/h3><p>Lernen Sie unsere Praxis kennen<\/p><\/div><\/a><\/div>\n<div class=\"ibox3\"><a href=\"https:\/\/gemeinschaftspraxis-gau-bischofsheim.de\/home\/praxis-2\/team-2\/\"><div class=\"ibox3-icon\" style=\"background:#f0f1f6;\"><i style=\"color:#dd1616; \" class=\"icon-users\"><\/i><\/div><div class=\"ibox3-content\"><h3>Team<\/h3><p>Das sind wir <\/p><\/div><\/a><\/div>\n<div class=\"ibox3\"><a href=\"https:\/\/gemeinschaftspraxis-gau-bischofsheim.de\/home\/anfahrt\/\"><div class=\"ibox3-icon\" style=\"background:#f0f1f6;\"><i style=\"color:#dd1616; \" class=\"icon-cab\"><\/i><\/div><div class=\"ibox3-content\"><h3>Anfahrt<\/h3><p>Hier finden Sie uns<\/p><\/div><\/a><\/div><\/div>\n\n\n<div class=\"bo-iconbox-wrapper\"><div class=\"ibox3\"><a href=\"https:\/\/gemeinschaftspraxis-gau-bischofsheim.de\/home\/praxis-2\/leistungen\/\"><div class=\"ibox3-icon\" style=\"background:#f0f1f6;\"><i style=\"color:#dd1616; \" class=\"icon-plus-circled\"><\/i><\/div><div class=\"ibox3-content\"><h3>Unsere Leistungen<\/h3><p>Informationen zu unseren Leistungen<\/p><\/div><\/a><\/div>\n<\/div>\n","protected":false},"excerpt":{"rendered":"<p>Liebe Patienten! Herzlich Willkommen in unserer haus\u00e4rztlichen Gemeinschaftspraxis. Wir behandeln die ganze Familie vom S\u00e4ugling bis zur Oma. F\u00fcr Terminvereinbarungen melden Sie sich bitte telefonisch <a href=\"https:\/\/gemeinschaftspraxis-gau-bischofsheim.de\/home\/\">&raquo;&raquo;<\/a><\/p>\n","protected":false},"author":1,"featured_media":0,"parent":0,"menu_order":0,"comment_status":"closed","ping_status":"closed","template":"homepage.php","meta":{"footnotes":""},"class_list":["post-10","page","type-page","status-publish","hentry"],"_links":{"self":[{"href":"https:\/\/gemeinschaftspraxis-gau-bischofsheim.de\/home\/wp-json\/wp\/v2\/pages\/10"}],"collection":[{"href":"https:\/\/gemeinschaftspraxis-gau-bischofsheim.de\/home\/wp-json\/wp\/v2\/pages"}],"about":[{"href":"https:\/\/gemeinschaftspraxis-gau-bischofsheim.de\/home\/wp-json\/wp\/v2\/types\/page"}],"author":[{"embeddable":true,"href":"https:\/\/gemeinschaftspraxis-gau-bischofsheim.de\/home\/wp-json\/wp\/v2\/users\/1"}],"replies":[{"embeddable":true,"href":"https:\/\/gemeinschaftspraxis-gau-bischofsheim.de\/home\/wp-json\/wp\/v2\/comments?post=10"}],"version-history":[{"count":58,"href":"https:\/\/gemeinschaftspraxis-gau-bischofsheim.de\/home\/wp-json\/wp\/v2\/pages\/10\/revisions"}],"predecessor-version":[{"id":896,"href":"https:\/\/gemeinschaftspraxis-gau-bischofsheim.de\/home\/wp-json\/wp\/v2\/pages\/10\/revisions\/896"}],"wp:attachment":[{"href":"https:\/\/gemeinschaftspraxis-gau-bischofsheim.de\/home\/wp-json\/wp\/v2\/media?parent=10"}],"curies":[{"name":"wp","href":"https:\/\/api.w.org\/{rel}","templated":true}]}}