{"id":221,"date":"2018-05-19T15:35:51","date_gmt":"2018-05-19T15:35:51","guid":{"rendered":"http:\/\/gemeinschaftspraxis-gau-bischofsheim.de\/home\/?page_id=221"},"modified":"2018-05-19T16:02:20","modified_gmt":"2018-05-19T16:02:20","slug":"datenschutz","status":"publish","type":"page","link":"https:\/\/gemeinschaftspraxis-gau-bischofsheim.de\/home\/datenschutz\/","title":{"rendered":"Datenschutz"},"content":{"rendered":"<h2>Hinweise zur Datenverarbeitung<\/h2>\n<p>Sehr geehrte Patientin, sehr geehrter Patient,<br \/>\nder Schutz Ihrer personenbezogenen Daten ist uns wichtig. Aufgrund neuer Datenschutzbestimmungen der EU-Datenschutz-Grundverordnung (DS-GVO) und des Bundesdatenschutzgesetzes (BDSG) sind wir verpflichtet, Sie dar\u00fcber zu informieren, zu welchem Zweck unsere Praxis Ihre Daten erhebt, speichert oder weiterleitet und welche Rechte Sie als betroffene Patientin\/ betroffener Patient haben.<\/p>\n<h3>I. Verantwortliche f\u00fcr die Verarbeitung Ihrer Daten<\/h3>\n<p>Verantwortlich f\u00fcr die Verarbeitung Ihrer Daten ist:<\/p>\n<p>Praxis Dres. J. Rieckenberg\/ G. Reinecke (im Folgenden: Praxis), Rul\u00e4nderweg 19, 55296 Gau-Bischofsheim, Tel. 06135\/4202, Fax 06135\/8641<\/p>\n<h3>II. Art und Umfang der von Ihnen erhobenen und gespeicherten Daten sowie Art und Zweck und deren Verwendung<\/h3>\n<p>Wenn Sie Patientin oder Patient bei uns sind, erheben wir folgende Informationen:<\/p>\n<ul>\n<li>Anrede, Vorname, Nachname<\/li>\n<li>Geburtsdatum<\/li>\n<li>Familienstand<\/li>\n<li>fr\u00fchere Namen<\/li>\n<li>Krankenversicherung; Krankenversicherungsnummer<\/li>\n<li>Anschrift<\/li>\n<li>Telefonnummer (Festnetz und\/oder Mobilfunk)<\/li>\n<li>E-Mail-Adresse<\/li>\n<li>Gesundheitsdaten (Anamnesen, Diagnosen, Therapievorschl\u00e4ge, Befunde)<\/li>\n<\/ul>\n<p>Hierzu verarbeiten wir neben den oben genannten personenbezogenen Daten insbesondere Ihre Gesundheitsdaten, die wir oder andere \u00c4rzte erheben. Auch andere \u00c4rzte oder Psychotherapeuten, bei denen Sie in Behandlung sind, k\u00f6nnen uns zu diesen Zwecken solche Daten zur Verf\u00fcgung stellen (z. B. in Arztbriefen).<\/p>\n<p>Die Erhebung dieser Daten ist notwendig, um den Behandlungsvertrag mit Ihnen und die damit verbundenen Pflichten zu erf\u00fcllen. Dies gilt insbesondere f\u00fcr die Erhebung Ihrer Gesundheitsdaten. Ohne diese Informationen ist eine sorgf\u00e4ltige Behandlung nicht m\u00f6glich.<\/p>\n<h3>III. Speicherung Ihrer Daten<\/h3>\n<p>Die von uns erhobenen personenbezogenen Daten werden bis zum Ablauf der gesetzlichen Aufbewahrungspflicht gespeichert und danach gel\u00f6scht. Wir sind verpflichtet, Ihre Daten mindestens 10 Jahre nach Abschluss der Behandlung aufzubewahren. In besonderen F\u00e4llen k\u00f6nnen sich auch l\u00e4ngere Aufbewahrungsfristen ergeben.<\/p>\n<p>Im \u00dcbrigen bewahren wir Ihre personenbezogenen Daten nur solange auf, wie dies f\u00fcr die Durchf\u00fchrung der Behandlung erforderlich ist.<\/p>\n<h3>IV. Weitergabe von Daten an Dritte \u2013 wer bekommt Ihre Daten?<\/h3>\n<p>Wir \u00fcbermitteln Ihre personenbezogenen Daten nur dann an Dritte, wenn dies gesetzlich erlaubt ist oder Sie eingewilligt haben.<br \/>\nEmpf\u00e4nger Ihrer personenbezogenen Daten k\u00f6nnen vor allem andere \u00c4rzte\/ Psychotherapeuten, Kassen\u00e4rztliche Vereinigungen, Krankenkassen, der Medizinische Dienst der Krankenversicherung, \u00c4rztekammern und privat\u00e4rztliche Verrechnungsstellen sein.<br \/>\nDie \u00dcbermittlung erfolgt \u00fcberwiegend zum Zwecke der Abrechnung der bei Ihnen erbrachten Leistungen, zur Kl\u00e4rung von medizinischen und sich aus Ihrem Versicherungsverh\u00e4ltnis ergebenden Fragen. Im Einzelfall erfolgt die \u00dcbermittlung von Daten an weitere berechtigte Empf\u00e4nger.<\/p>\n<h3>V. Betroffenenrechte \u2013 welche Rechte haben Sie als Patient?<\/h3>\n<p>Sie haben das Recht:<\/p>\n<ul>\n<li>gem\u00e4\u00df Art. 7 Abs. 3 DS-GVO Ihre einmal erteilte Einwilligung jederzeit gegen\u00fcber uns zu widerrufen. Dies hat zur Folge, dass wir die Datenverarbeitung, die auf dieser Einwilligung beruhte, f\u00fcr die Zukunft nicht mehr fortf\u00fchren d\u00fcrfen;<\/li>\n<li>gem\u00e4\u00df Art. 15 DS-GVO Auskunft \u00fcber Ihre von uns verarbeiteten personenbezogenen Daten zu verlangen. Insbesondere k\u00f6nnen Sie Auskunft \u00fcber die Verarbeitungszwecke, die Kategorie der personenbezogenen Daten, die Kategorien von Empf\u00e4ngern, gegen\u00fcber denen Ihre Daten offengelegt wurden oder werden, die geplante Speicherdauer, das Bestehen eines Rechts auf Berichtigung, L\u00f6schung, Einschr\u00e4nkung der Verarbeitung oder Widerspruch, das Bestehen eines Beschwerderechts, die Herkunft ihrer Daten, sofern diese nicht bei uns erhoben wurden, sowie \u00fcber das Bestehen einer automatisierten Entscheidungsfindung einschlie\u00dflich Profiling und ggf. aussagekr\u00e4ftigen Informationen zu deren Einzelheiten verlangen;<\/li>\n<li>gem\u00e4\u00df Art. 16 DS-GVO unverz\u00fcglich die Berichtigung unrichtiger oder Vervollst\u00e4ndigung Ihrer bei uns gespeicherten personenbezogenen Daten zu verlangen;<\/li>\n<li>gem\u00e4\u00df Art. 17 DS-GVO die L\u00f6schung Ihrer bei uns gespeicherten personenbezogenen Daten zu verlangen, soweit nicht die Verarbeitung zur Aus\u00fcbung des Rechts auf freie Meinungs\u00e4u\u00dferung und Information, zur Erf\u00fcllung einer rechtlichen Verpflichtung, aus Gr\u00fcnden des \u00f6ffentlichen Interesses erforderlich ist;<\/li>\n<li>gem\u00e4\u00df Art. 18 DS-GVO die Einschr\u00e4nkung der Verarbeitung Ihrer personenbezogenen Daten zu verlangen, soweit die Richtigkeit der Daten von Ihnen bestritten wird, die Verarbeitung unrechtm\u00e4\u00dfig ist, Sie aber deren L\u00f6schung ablehnen und wir die Daten nicht mehr ben\u00f6tigen, Sie jedoch diese zur Geltendmachung, Aus\u00fcbung oder Verteidigung von Rechtsanspr\u00fcchen ben\u00f6tigen oder Sie gem\u00e4\u00df Art. 21 DSGVO Widerspruch gegen die Verarbeitung eingelegt haben;<\/li>\n<li>gem\u00e4\u00df Art. 20 DS-GVO Ihre personenbezogenen Daten, die Sie uns bereitgestellt haben, in einem strukturierten, g\u00e4ngigen und maschinenlesebaren Format zu erhalten oder die \u00dcbermittlung an einen anderen Verantwortlichen zu verlangen;<\/li>\n<li>gem\u00e4\u00df Art. 21 DS-GVO Widerspruch gegen die Verarbeitung Ihrer personenbezogenen Daten einzulegen, soweit daf\u00fcr Gr\u00fcnde vorliegen, die sich aus Ihrer besonderen Situation ergeben und<\/li>\n<li>gem\u00e4\u00df Art. 77 DS-GVO sich bei einer Aufsichtsbeh\u00f6rde zu beschweren. In der Regel k\u00f6nnen Sie sich hierf\u00fcr an die Aufsichtsbeh\u00f6rde Ihres \u00fcblichen Aufenthaltsortes oder Arbeitsplatzes oder unseres Verbandssitzes wenden.<\/li>\n<\/ul>\n<p>Die f\u00fcr uns zust\u00e4ndige Datenschutzbeh\u00f6rde ist:<\/p>\n<p>Der Landesbeauftragte f\u00fcr den Datenschutz und die Informationsfreiheit Rheinland-Pfalz, Postfach 3040, 55020 Mainz<\/p>\n<h3>VI. Allgemeine Rechtsgrundlagen<\/h3>\n<p>Rechtsgrundlagen f\u00fcr die Verarbeitung Ihrer Daten ist Artikel 9 Absatz 2 lit. h) DS-GVO in Verbindung mit \u00a7 22 Abs.1 Nr. 1 lit. b) BDSG. Bei Fragen k\u00f6nnen Sie sich gern an uns wenden.<\/p>\n<p>&nbsp;<\/p>\n<p><strong>Ihr Praxisteam<\/strong><\/p>\n","protected":false},"excerpt":{"rendered":"<p>Hinweise zur Datenverarbeitung Sehr geehrte Patientin, sehr geehrter Patient, der Schutz Ihrer personenbezogenen Daten ist uns wichtig. Aufgrund neuer Datenschutzbestimmungen der EU-Datenschutz-Grundverordnung (DS-GVO) und des <a href=\"https:\/\/gemeinschaftspraxis-gau-bischofsheim.de\/home\/datenschutz\/\">&raquo;&raquo;<\/a><\/p>\n","protected":false},"author":1,"featured_media":0,"parent":0,"menu_order":0,"comment_status":"closed","ping_status":"closed","template":"","meta":{"footnotes":""},"class_list":["post-221","page","type-page","status-publish","hentry"],"_links":{"self":[{"href":"https:\/\/gemeinschaftspraxis-gau-bischofsheim.de\/home\/wp-json\/wp\/v2\/pages\/221"}],"collection":[{"href":"https:\/\/gemeinschaftspraxis-gau-bischofsheim.de\/home\/wp-json\/wp\/v2\/pages"}],"about":[{"href":"https:\/\/gemeinschaftspraxis-gau-bischofsheim.de\/home\/wp-json\/wp\/v2\/types\/page"}],"author":[{"embeddable":true,"href":"https:\/\/gemeinschaftspraxis-gau-bischofsheim.de\/home\/wp-json\/wp\/v2\/users\/1"}],"replies":[{"embeddable":true,"href":"https:\/\/gemeinschaftspraxis-gau-bischofsheim.de\/home\/wp-json\/wp\/v2\/comments?post=221"}],"version-history":[{"count":7,"href":"https:\/\/gemeinschaftspraxis-gau-bischofsheim.de\/home\/wp-json\/wp\/v2\/pages\/221\/revisions"}],"predecessor-version":[{"id":232,"href":"https:\/\/gemeinschaftspraxis-gau-bischofsheim.de\/home\/wp-json\/wp\/v2\/pages\/221\/revisions\/232"}],"wp:attachment":[{"href":"https:\/\/gemeinschaftspraxis-gau-bischofsheim.de\/home\/wp-json\/wp\/v2\/media?parent=221"}],"curies":[{"name":"wp","href":"https:\/\/api.w.org\/{rel}","templated":true}]}}