{"id":262,"date":"2021-04-07T20:28:06","date_gmt":"2021-04-07T20:28:06","guid":{"rendered":"http:\/\/gemeinschaftspraxis-gau-bischofsheim.de\/home\/?page_id=262"},"modified":"2023-06-06T19:06:03","modified_gmt":"2023-06-06T19:06:03","slug":"corona","status":"publish","type":"page","link":"https:\/\/gemeinschaftspraxis-gau-bischofsheim.de\/home\/service\/corona\/","title":{"rendered":"Infekt-Sprechstunde"},"content":{"rendered":"\n<p>Liebe Patienten!<\/p>\n\n\n\n<p>Hier einige Hinweise zu akuten infekti\u00f6sen Erkrankungen:<\/p>\n\n\n\n<p>Bei jeglichen Erk\u00e4ltungssymptomen, Fieber, Hautausschlag oder Durchfall d\u00fcrfen Sie unsere Praxisr\u00e4ume nur nach telefonischer R\u00fccksprache im Rahmen der Infekt-Sprechstunde betreten.<\/p>\n\n\n\n<p>Im Rahmen dieser Infekt-Sprechstunde k\u00f6nnen, wenn wir \u00c4rzte dies f\u00fcr notwendig erachten, auch Laboruntersuchungen veranla\u00dft werden.  <\/p>\n\n\n\n<p>Um zu vermeiden, dass sich gesunde Patienten, die z.B. einen Vorsorgetermin haben, bei infizierten Patienten anstecken, d\u00fcrfen nur Patienten ohne akute Infektzeichen (Husten, Schnupfen, Fieber, Hautausschlag, Durchfall, Erbrechen) im Wartezimmer warten. Alle anderen m\u00fcssen, nach kurzer Anmeldung, vor der oberen Praxist\u00fcr warten, bis das Zimmer f\u00fcr die Infekt-Sprechstunde frei ist.  <\/p>\n","protected":false},"excerpt":{"rendered":"<p>Liebe Patienten! Hier einige Hinweise zu akuten infekti\u00f6sen Erkrankungen: Bei jeglichen Erk\u00e4ltungssymptomen, Fieber, Hautausschlag oder Durchfall d\u00fcrfen Sie unsere Praxisr\u00e4ume nur nach telefonischer R\u00fccksprache im <a href=\"https:\/\/gemeinschaftspraxis-gau-bischofsheim.de\/home\/service\/corona\/\">&raquo;&raquo;<\/a><\/p>\n","protected":false},"author":2,"featured_media":0,"parent":644,"menu_order":1,"comment_status":"closed","ping_status":"closed","template":"","meta":{"footnotes":""},"class_list":["post-262","page","type-page","status-publish","hentry"],"_links":{"self":[{"href":"https:\/\/gemeinschaftspraxis-gau-bischofsheim.de\/home\/wp-json\/wp\/v2\/pages\/262"}],"collection":[{"href":"https:\/\/gemeinschaftspraxis-gau-bischofsheim.de\/home\/wp-json\/wp\/v2\/pages"}],"about":[{"href":"https:\/\/gemeinschaftspraxis-gau-bischofsheim.de\/home\/wp-json\/wp\/v2\/types\/page"}],"author":[{"embeddable":true,"href":"https:\/\/gemeinschaftspraxis-gau-bischofsheim.de\/home\/wp-json\/wp\/v2\/users\/2"}],"replies":[{"embeddable":true,"href":"https:\/\/gemeinschaftspraxis-gau-bischofsheim.de\/home\/wp-json\/wp\/v2\/comments?post=262"}],"version-history":[{"count":10,"href":"https:\/\/gemeinschaftspraxis-gau-bischofsheim.de\/home\/wp-json\/wp\/v2\/pages\/262\/revisions"}],"predecessor-version":[{"id":793,"href":"https:\/\/gemeinschaftspraxis-gau-bischofsheim.de\/home\/wp-json\/wp\/v2\/pages\/262\/revisions\/793"}],"up":[{"embeddable":true,"href":"https:\/\/gemeinschaftspraxis-gau-bischofsheim.de\/home\/wp-json\/wp\/v2\/pages\/644"}],"wp:attachment":[{"href":"https:\/\/gemeinschaftspraxis-gau-bischofsheim.de\/home\/wp-json\/wp\/v2\/media?parent=262"}],"curies":[{"name":"wp","href":"https:\/\/api.w.org\/{rel}","templated":true}]}}