{"id":32,"date":"2016-01-06T01:00:12","date_gmt":"2016-01-06T01:00:12","guid":{"rendered":"http:\/\/gemeinschaftspraxis-gau-bischofsheim.de\/?page_id=32"},"modified":"2023-06-06T18:23:08","modified_gmt":"2023-06-06T18:23:08","slug":"praxis-2","status":"publish","type":"page","link":"https:\/\/gemeinschaftspraxis-gau-bischofsheim.de\/home\/praxis-2\/","title":{"rendered":"Praxis"},"content":{"rendered":"\n<p>Lehrpraxis der Universit\u00e4tsmedizin Mainz<br>Weiterbildungspraxis zum Facharzt f\u00fcr Innere und Allgemeinmedizin inklusive Weiterbildungszeit Kinderheilkunde<\/p>\n\n\n\n<p><\/p>\n\n\n\n<div class=\"separator-headline\"><span><h2>Formulare<\/h2><\/span><\/div>\n\n\n\n<p>Formulare (Rezepte, \u00dcberweisungen etc.) bitte am Vortag per E-Mail (info (at) gemeinschaftspraxis-gau-bischofsheim.de), Fax (06135-8641) oder telefonisch (Anrufbeantworter, 06135-5509254) bestellen, bei weiterem Erkl\u00e4rungsbedarf auch direkt telefonisch.<br>Beachten Sie, dass die Abholung erst am n\u00e4chsten Arbeitstag erfolgen kann, wenn bis 12 Uhr am vorhergehenden Arbeitstag Ihr Wunsch bei uns eingegangen ist.<\/p>\n\n\n\n<p><\/p>\n","protected":false},"excerpt":{"rendered":"<p>Lehrpraxis der Universit\u00e4tsmedizin MainzWeiterbildungspraxis zum Facharzt f\u00fcr Innere und Allgemeinmedizin inklusive Weiterbildungszeit Kinderheilkunde Formulare (Rezepte, \u00dcberweisungen etc.) bitte am Vortag per E-Mail (info (at) gemeinschaftspraxis-gau-bischofsheim.de), <a href=\"https:\/\/gemeinschaftspraxis-gau-bischofsheim.de\/home\/praxis-2\/\">&raquo;&raquo;<\/a><\/p>\n","protected":false},"author":1,"featured_media":0,"parent":0,"menu_order":0,"comment_status":"closed","ping_status":"closed","template":"","meta":{"footnotes":""},"class_list":["post-32","page","type-page","status-publish","hentry"],"_links":{"self":[{"href":"https:\/\/gemeinschaftspraxis-gau-bischofsheim.de\/home\/wp-json\/wp\/v2\/pages\/32"}],"collection":[{"href":"https:\/\/gemeinschaftspraxis-gau-bischofsheim.de\/home\/wp-json\/wp\/v2\/pages"}],"about":[{"href":"https:\/\/gemeinschaftspraxis-gau-bischofsheim.de\/home\/wp-json\/wp\/v2\/types\/page"}],"author":[{"embeddable":true,"href":"https:\/\/gemeinschaftspraxis-gau-bischofsheim.de\/home\/wp-json\/wp\/v2\/users\/1"}],"replies":[{"embeddable":true,"href":"https:\/\/gemeinschaftspraxis-gau-bischofsheim.de\/home\/wp-json\/wp\/v2\/comments?post=32"}],"version-history":[{"count":15,"href":"https:\/\/gemeinschaftspraxis-gau-bischofsheim.de\/home\/wp-json\/wp\/v2\/pages\/32\/revisions"}],"predecessor-version":[{"id":789,"href":"https:\/\/gemeinschaftspraxis-gau-bischofsheim.de\/home\/wp-json\/wp\/v2\/pages\/32\/revisions\/789"}],"wp:attachment":[{"href":"https:\/\/gemeinschaftspraxis-gau-bischofsheim.de\/home\/wp-json\/wp\/v2\/media?parent=32"}],"curies":[{"name":"wp","href":"https:\/\/api.w.org\/{rel}","templated":true}]}}