{"id":39,"date":"2016-01-06T01:00:55","date_gmt":"2016-01-06T01:00:55","guid":{"rendered":"http:\/\/gemeinschaftspraxis-gau-bischofsheim.de\/?page_id=39"},"modified":"2022-01-02T18:54:12","modified_gmt":"2022-01-02T18:54:12","slug":"leitbild","status":"publish","type":"page","link":"https:\/\/gemeinschaftspraxis-gau-bischofsheim.de\/home\/praxis-2\/leitbild\/","title":{"rendered":"Leitbild"},"content":{"rendered":"\n<p>Wir sind gut, aber wir wollen jeden Tag besser werden.<\/p>\n\n\n\n<p>Wir haben den Anspruch einer menschlichen Versorgung.<br>Wir achten die pers\u00f6nlichen Bed\u00fcrfnisse unserer Patienten.<br>Wir wahren die Patientenrechte und Patientenautonomie.<br>Wir garantieren ein H\u00f6chstma\u00df an Patientensicherheit.<\/p>\n\n\n\n<p>Wir wollen Patienten gewinnnen, sie langfristig betreuen und zufrieden stellen.<\/p>\n\n\n\n<p>Unsere Forderung an uns selbst:<\/p>\n\n\n\n<ul class=\"wp-block-list\"><li>Wir achten auf eine kontinuierliche Verbesserung unserer medizinischen Leistungen (regelm\u00e4\u00dfige Fortbildungsveranstaltungen, Fachlekt\u00fcre, interner Wissens- und Erfahrungsaustausch).<\/li><li>Wir pflegen einen positiven Umgang im Praxisteam.<\/li><li>Wir betreiben aktive Kommunikation untereinander.<\/li><li>Wir melden Fehler sofort und bem\u00fchen uns um L\u00f6sungsans\u00e4tze.<\/li><li>Wir geben uns kritische R\u00fcckmeldungen.<\/li><li>Wir akzeptieren die gegenseitigen W\u00fcnsche und Erwartungen und sind bereit, uns auf den Anderen einzustellen.<\/li><li>Wir pflegen gegen\u00fcber dem Patienten H\u00f6flichkeit und Zugewandtheit.<\/li><li>Wir leisten die erforderliche Hilfe und setzen die notwendigen Grenzen.<\/li><\/ul>\n\n\n\n<p>Die Beratung in der gesundheitlichen Vorsorge steht im Mittelpunkt unserer Arbeit, ganz im Sinne der Hippokratischen Forderung:<\/p>\n\n\n\n<p>Der gute Arzt ist der Arzt, der den Menschen gesund erh\u00e4lt.<\/p>\n\n\n\n<p>Wir informieren \u00fcber individuelle Leistungszus\u00e4tze, die wissenschaftlich fundiert und zur Erhaltung der Gesundheit empfehlenswert sind.<br>Wir betrachten alternative Therapieans\u00e4tze wie die chinesische Medizin mit der Akupunktur, die Ern\u00e4hrungsmedizin oder die Naturheilkunde als wichtige Erg\u00e4nzungen im Sinne der komplement\u00e4ren Medizin.<\/p>\n\n\n\n<p>Unsere Praxis ist ein Wirtschaftsunternehmen, das Gewinne f\u00fcr unseren Lebensunterhalt, f\u00fcr die Sicherung der Arbeitspl\u00e4tze und f\u00fcr zuk\u00fcnftige Investitionen in medizinische Technik und Praxisausstattung erzielen muss.<br>Wir wollen auch die Mittel erwirtschaften, um dem Patienten eine angenehme Atmosph\u00e4re zu schaffen.<\/p>\n","protected":false},"excerpt":{"rendered":"<p>Wir sind gut, aber wir wollen jeden Tag besser werden. Wir haben den Anspruch einer menschlichen Versorgung.Wir achten die pers\u00f6nlichen Bed\u00fcrfnisse unserer Patienten.Wir wahren die <a href=\"https:\/\/gemeinschaftspraxis-gau-bischofsheim.de\/home\/praxis-2\/leitbild\/\">&raquo;&raquo;<\/a><\/p>\n","protected":false},"author":1,"featured_media":0,"parent":32,"menu_order":0,"comment_status":"closed","ping_status":"closed","template":"","meta":{"footnotes":""},"class_list":["post-39","page","type-page","status-publish","hentry"],"_links":{"self":[{"href":"https:\/\/gemeinschaftspraxis-gau-bischofsheim.de\/home\/wp-json\/wp\/v2\/pages\/39"}],"collection":[{"href":"https:\/\/gemeinschaftspraxis-gau-bischofsheim.de\/home\/wp-json\/wp\/v2\/pages"}],"about":[{"href":"https:\/\/gemeinschaftspraxis-gau-bischofsheim.de\/home\/wp-json\/wp\/v2\/types\/page"}],"author":[{"embeddable":true,"href":"https:\/\/gemeinschaftspraxis-gau-bischofsheim.de\/home\/wp-json\/wp\/v2\/users\/1"}],"replies":[{"embeddable":true,"href":"https:\/\/gemeinschaftspraxis-gau-bischofsheim.de\/home\/wp-json\/wp\/v2\/comments?post=39"}],"version-history":[{"count":7,"href":"https:\/\/gemeinschaftspraxis-gau-bischofsheim.de\/home\/wp-json\/wp\/v2\/pages\/39\/revisions"}],"predecessor-version":[{"id":602,"href":"https:\/\/gemeinschaftspraxis-gau-bischofsheim.de\/home\/wp-json\/wp\/v2\/pages\/39\/revisions\/602"}],"up":[{"embeddable":true,"href":"https:\/\/gemeinschaftspraxis-gau-bischofsheim.de\/home\/wp-json\/wp\/v2\/pages\/32"}],"wp:attachment":[{"href":"https:\/\/gemeinschaftspraxis-gau-bischofsheim.de\/home\/wp-json\/wp\/v2\/media?parent=39"}],"curies":[{"name":"wp","href":"https:\/\/api.w.org\/{rel}","templated":true}]}}