{"id":55,"date":"2016-01-06T01:00:53","date_gmt":"2016-01-06T01:00:53","guid":{"rendered":"http:\/\/gemeinschaftspraxis-gau-bischofsheim.de\/?page_id=55"},"modified":"2022-08-16T11:01:35","modified_gmt":"2022-08-16T11:01:35","slug":"impressum","status":"publish","type":"page","link":"https:\/\/gemeinschaftspraxis-gau-bischofsheim.de\/home\/impressum\/","title":{"rendered":"Impressum"},"content":{"rendered":"<h2>Vertretungsberechtigung<\/h2>\n<p>Dr. med. Julia Rieckenberg &amp; Dr. med. Gabriele Reinecke<\/p>\n<p>Rul\u00e4nderweg 19<br \/>\n55698 Gau-Bischofsheim<br \/>\nTel. 06135-4202<br \/>\nFax. 06135-8641<br \/>\n<a href=\"mailto:info@gemeinschaftspraxis-gau-bischofsheim.de\">info[at]gemeinschaftspraxis-gau-bischofsheim.de<\/a><br \/>\n<a href=\"http:\/\/gemeinschaftspraxis-gau-bischofsheim.de\" target=\"_blank\" rel=\"noopener\">gemeinschaftspraxis-gau-bischofsheim.de<\/a><\/p>\n<p>Fach\u00e4rztinnen f\u00fcr Allgemeinmedizin \/ Innere und Allgemeinmedizin<\/p>\n<p>Mitglieder der Landes\u00e4rztekammer Rheinland-Pfalz<br \/>\n(<a href=\"mailto:kammer@laek-rlp.de\" target=\"_blank\" rel=\"noopener\">kammer[at]laek-rlp.de<\/a>, <a href=\"http:\/\/www.laek-rlp.de\" target=\"_blank\" rel=\"noopener\">www.laek-rlp.de<\/a>),<br \/>\nder Bezirks\u00e4rztekammer Rheinhessen<br \/>\n(<a href=\"mailto:info@aerztekammer-mainz.de\" target=\"_blank\" rel=\"noopener\">info[at]aerztekammer-mainz.de<\/a>, <a href=\"http:\/\/www.aerztekammer-mainz.de\" target=\"_blank\" rel=\"noopener\">www.aerztekammer-mainz.de<\/a>)<br \/>\nund der Kassen\u00e4rztlichen Vereinigung Rheinland-Pfalz<br \/>\n(<a href=\"mailto:service@kv-rlp.de\" target=\"_blank\" rel=\"noopener\">service[at]kv-rlp.de<\/a>, <a href=\"http:\/\/www.kv-rlp.de\" target=\"_blank\" rel=\"noopener\">www.kv-rlp.de<\/a>).<\/p>\n<h3>Photos<\/h3>\n<p>Blitzmichel Photography (Titelbild), Manuel Brandl &amp; Daniel Kr\u00f6hler GbR, <a href=\"http:\/\/www.blitzmichel.de\">http:\/\/www.blitzmichel.de<\/a><\/p>\n<p>Dr. Gabriele Reinecke (Team)<\/p>\n<h3>Webseite<\/h3>\n<p>Dr. Charlotte Backerra<br \/>\nHistorische F\u00fchrungen \u2013 Textbearbeitung \u2013\u00a0 Webseiten<br \/>\n<a href=\"mailto:charlotte@backerra.de\" target=\"_blank\" rel=\"noopener\">charlotte[at]backerra.de<\/a><\/p>\n<h2>Haftungsausschluss<\/h2>\n<p>Wir unterliegen den berufsrechtlichen Regelungen der Bundes\u00e4rzteordnung (02.10.1961 BGBI l Seite 1857 i. d. jeweils g\u00fcltigen Fassung) und des Heilberufsgesetzes Rheinland-Pfalz (19.12.2014 GVBI S. 104 i. d. jeweils g\u00fcltigen Fassung). Beide Regelungen k\u00f6nnen in der Bezirks\u00e4rztekammer Rheinhessen eingesehen werden.<br \/>\nAlle Texte und Links auf dieser Internetseite wurden sorgf\u00e4ltig gepr\u00fcft und werden laufend aktualisiert. Es besteht keine Garantie f\u00fcr Vollst\u00e4ndigkeit und Richtigkeit der Inhalte.<br \/>\nGleiches gilt auch f\u00fcr alle weiteren Internetseiten, auf die mittels Hyperlink verwiesen wird. Sowohl derartige Links, also auch Inhalte dieser Internetseite werden ausschlie\u00dflich zu Informationszwecken zur Verf\u00fcgung gestellt und nicht kontrolliert. Die Gemeinschaftspraxis Dr. J. Rieckenberg &amp; Dr. G. Reinecke ist nicht f\u00fcr den Inhalt der Links verantwortlich und billigt durch die Bereitstellung weder den Inhalt und das Material auf den verlinkten Internetseiten noch soll die Verlinkung eine Verbindung zu den Verantwortlichen der jeweiligen Internetseiten zum Ausdruck bringen.<\/p>\n<p>Alle Inhalte dieser Internetseite unterliegen dem Urheberrecht. Jegliches Kopieren, Vervielf\u00e4ltigen und Verwenden von Daten und Informationen dieser Internetseite ist ohne ausdr\u00fcckliche schriftliche Genehmigung durch die Gemeinschaftspraxis Dr. J. Rieckenberg &amp; Dr. G. Reinecke verboten und strafbar. Dieses betrifft insbesondere die gewerbliche Nutzung der Inhalte und Daten. Die Inhalte sind und bleiben geistiges Eigentum der Gemeinschaftspraxis Dr. J. Rieckenberg &amp; Dr. G. Reinecke.<\/p>\n<p>Das Herunterladen und die Verwendung der unter der Rubrik &#8222;Downloads&#8220; zur Verf\u00fcgung gestellten Dokumente ist unabh\u00e4ngig von der vorgenannten Regelung zul\u00e4ssig.<\/p>\n","protected":false},"excerpt":{"rendered":"<p>Vertretungsberechtigung Dr. med. Julia Rieckenberg &amp; Dr. med. Gabriele Reinecke Rul\u00e4nderweg 19 55698 Gau-Bischofsheim Tel. 06135-4202 Fax. 06135-8641 info[at]gemeinschaftspraxis-gau-bischofsheim.de gemeinschaftspraxis-gau-bischofsheim.de Fach\u00e4rztinnen f\u00fcr Allgemeinmedizin \/ Innere <a href=\"https:\/\/gemeinschaftspraxis-gau-bischofsheim.de\/home\/impressum\/\">&raquo;&raquo;<\/a><\/p>\n","protected":false},"author":1,"featured_media":0,"parent":0,"menu_order":0,"comment_status":"closed","ping_status":"closed","template":"","meta":{"footnotes":""},"class_list":["post-55","page","type-page","status-publish","hentry"],"_links":{"self":[{"href":"https:\/\/gemeinschaftspraxis-gau-bischofsheim.de\/home\/wp-json\/wp\/v2\/pages\/55"}],"collection":[{"href":"https:\/\/gemeinschaftspraxis-gau-bischofsheim.de\/home\/wp-json\/wp\/v2\/pages"}],"about":[{"href":"https:\/\/gemeinschaftspraxis-gau-bischofsheim.de\/home\/wp-json\/wp\/v2\/types\/page"}],"author":[{"embeddable":true,"href":"https:\/\/gemeinschaftspraxis-gau-bischofsheim.de\/home\/wp-json\/wp\/v2\/users\/1"}],"replies":[{"embeddable":true,"href":"https:\/\/gemeinschaftspraxis-gau-bischofsheim.de\/home\/wp-json\/wp\/v2\/comments?post=55"}],"version-history":[{"count":16,"href":"https:\/\/gemeinschaftspraxis-gau-bischofsheim.de\/home\/wp-json\/wp\/v2\/pages\/55\/revisions"}],"predecessor-version":[{"id":729,"href":"https:\/\/gemeinschaftspraxis-gau-bischofsheim.de\/home\/wp-json\/wp\/v2\/pages\/55\/revisions\/729"}],"wp:attachment":[{"href":"https:\/\/gemeinschaftspraxis-gau-bischofsheim.de\/home\/wp-json\/wp\/v2\/media?parent=55"}],"curies":[{"name":"wp","href":"https:\/\/api.w.org\/{rel}","templated":true}]}}