{"id":577,"date":"2022-01-03T15:13:53","date_gmt":"2022-01-03T15:13:53","guid":{"rendered":"https:\/\/gemeinschaftspraxis-gau-bischofsheim.de\/home\/?page_id=577"},"modified":"2022-01-04T22:17:06","modified_gmt":"2022-01-04T22:17:06","slug":"kontaktformular","status":"publish","type":"page","link":"https:\/\/gemeinschaftspraxis-gau-bischofsheim.de\/home\/service\/kontaktformular\/","title":{"rendered":"Kontaktformular"},"content":{"rendered":"\n<p>Sie k\u00f6nnen uns \u00fcber dieses Formular Ihre Anfragen f\u00fcr Termine oder Gespr\u00e4chsw\u00fcnsche schicken (E-Mail). Bitte beachten Sie, dass wir aus Datenschutzgr\u00fcnden zur Zeit nur E-Mails empfangen k\u00f6nnen, Ihnen aber nicht per Mail antworten. F\u00fcr eine Terminbest\u00e4tigung rufen wir Sie an. Auch Fragen zu Ihrer Behandlung k\u00f6nnen nur telefonisch beantwortet werden. <\/p>\n\n\n\n<p>Beachten Sie bitte, dass E-Mails zur Zeit wegen technischer Probleme nicht t\u00e4glich bearbeitet werden. In dringenden F\u00e4llen rufen Sie bitte unbedingt an.<\/p>\n\n\n\n<div class=\"wp-block-contact-form-7-contact-form-selector\">\n<div class=\"wpcf7 no-js\" id=\"wpcf7-f648-o1\" lang=\"de-DE\" dir=\"ltr\">\n<div class=\"screen-reader-response\"><p role=\"status\" aria-live=\"polite\" aria-atomic=\"true\"><\/p> <ul><\/ul><\/div>\n<form action=\"\/home\/wp-json\/wp\/v2\/pages\/577#wpcf7-f648-o1\" method=\"post\" class=\"wpcf7-form init\" aria-label=\"Kontaktformular\" novalidate=\"novalidate\" data-status=\"init\">\n<div style=\"display: none;\">\n<input type=\"hidden\" name=\"_wpcf7\" value=\"648\" \/>\n<input type=\"hidden\" name=\"_wpcf7_version\" value=\"5.9.8\" \/>\n<input type=\"hidden\" name=\"_wpcf7_locale\" value=\"de_DE\" \/>\n<input type=\"hidden\" name=\"_wpcf7_unit_tag\" value=\"wpcf7-f648-o1\" \/>\n<input type=\"hidden\" name=\"_wpcf7_container_post\" value=\"0\" \/>\n<input type=\"hidden\" name=\"_wpcf7_posted_data_hash\" value=\"\" \/>\n<\/div>\n<p><div class=\"columns\"><div class=\"col1-2\"><div class=\"inner\"><br \/>\n<span class=\"wpcf7-form-control-wrap\" data-name=\"firstname\"><input size=\"40\" maxlength=\"400\" class=\"wpcf7-form-control wpcf7-text wpcf7-validates-as-required\" aria-required=\"true\" aria-invalid=\"false\" placeholder=\"Ihr Vorname\" value=\"\" type=\"text\" name=\"firstname\" \/><\/span><br \/>\n<span class=\"wpcf7-form-control-wrap\" data-name=\"mailaddress\"><input size=\"40\" maxlength=\"400\" class=\"wpcf7-form-control wpcf7-email wpcf7-validates-as-required wpcf7-text wpcf7-validates-as-email\" aria-required=\"true\" aria-invalid=\"false\" placeholder=\"Ihre E-Mail-Adresse\" value=\"\" type=\"email\" name=\"mailaddress\" \/><\/span><br \/>\n<\/div><\/div><div class=\"col1-2\"><div class=\"inner\"><br \/>\n<span class=\"wpcf7-form-control-wrap\" data-name=\"lastname\"><input size=\"40\" maxlength=\"400\" class=\"wpcf7-form-control wpcf7-text wpcf7-validates-as-required\" aria-required=\"true\" aria-invalid=\"false\" placeholder=\"Ihr Nachname\" value=\"\" type=\"text\" name=\"lastname\" \/><\/span><br \/>\n<span class=\"wpcf7-form-control-wrap\" data-name=\"phone\"><input size=\"40\" maxlength=\"400\" class=\"wpcf7-form-control wpcf7-text wpcf7-validates-as-required\" aria-required=\"true\" aria-invalid=\"false\" placeholder=\"Ihre Telefonnummer\" value=\"\" type=\"text\" name=\"phone\" \/><\/span><br \/>\n<\/div><\/div><br \/>\n<div class=\"clear\"><\/div><\/div>\n<\/p>\n<div style=\"background:#f0f1f6; padding:0 10px 10px 5px;\">\n\t<p><i class=\"fas fa-calendar-alt\"><\/i><span class=\"wpcf7-form-control-wrap\" data-name=\"termin\"><span class=\"wpcf7-form-control wpcf7-checkbox wpcf7-validates-as-required\"><span class=\"wpcf7-list-item first last\"><label><input type=\"checkbox\" name=\"termin[]\" value=\"Ich ben\u00f6tige einen Termin.\" \/><span class=\"wpcf7-list-item-label\">Ich ben\u00f6tige einen Termin.<\/span><\/label><\/span><\/span><\/span>\n\t<\/p>\n\t<p><i class=\"fas fa-phone\"><\/i><span class=\"wpcf7-form-control-wrap\" data-name=\"anruf\"><span class=\"wpcf7-form-control wpcf7-checkbox wpcf7-validates-as-required\"><span class=\"wpcf7-list-item first last\"><label><input type=\"checkbox\" name=\"anruf[]\" value=\"Bitte rufen Sie mich zur\u00fcck.\" \/><span class=\"wpcf7-list-item-label\">Bitte rufen Sie mich zur\u00fcck.<\/span><\/label><\/span><\/span><\/span>\n\t<\/p>\n<\/div>\n<p><span class=\"wpcf7-form-control-wrap\" data-name=\"your-message\"><textarea cols=\"40\" rows=\"5\" maxlength=\"2000\" class=\"wpcf7-form-control wpcf7-textarea\" aria-invalid=\"false\" placeholder=\"Ihre Nachricht\" name=\"your-message\"><\/textarea><\/span>\n<\/p>\n<p><span class=\"wpcf7-form-control-wrap\" data-name=\"acceptance-ds\"><span class=\"wpcf7-form-control wpcf7-acceptance\"><span class=\"wpcf7-list-item\"><label><input type=\"checkbox\" name=\"acceptance-ds\" value=\"1\" aria-invalid=\"false\" \/><span class=\"wpcf7-list-item-label\">Ja, ich habe die <a href=\"\/datenschutz\/\">Datenschutzerkl\u00e4rung<\/a> gelesen und bin damit einverstanden, dass meine Daten zur zweckgebundenen Bearbeitung meiner Nachricht elektronisch erhoben und gespeichert werden.*<\/span><\/label><\/span><\/span><\/span>\n<\/p>\n<p><input class=\"wpcf7-form-control wpcf7-submit has-spinner\" type=\"submit\" value=\"Nachricht absenden\" \/>\n<\/p><p style=\"display: none !important;\" class=\"akismet-fields-container\" data-prefix=\"_wpcf7_ak_\"><label>&#916;<textarea name=\"_wpcf7_ak_hp_textarea\" cols=\"45\" rows=\"8\" maxlength=\"100\"><\/textarea><\/label><input type=\"hidden\" id=\"ak_js_1\" name=\"_wpcf7_ak_js\" value=\"187\"\/><script>document.getElementById( \"ak_js_1\" ).setAttribute( \"value\", ( new Date() ).getTime() );<\/script><\/p><div class=\"wpcf7-response-output\" aria-hidden=\"true\"><\/div>\n<\/form>\n<\/div>\n<\/div>\n","protected":false},"excerpt":{"rendered":"<p>Sie k\u00f6nnen uns \u00fcber dieses Formular Ihre Anfragen f\u00fcr Termine oder Gespr\u00e4chsw\u00fcnsche schicken (E-Mail). Bitte beachten Sie, dass wir aus Datenschutzgr\u00fcnden zur Zeit nur E-Mails <a href=\"https:\/\/gemeinschaftspraxis-gau-bischofsheim.de\/home\/service\/kontaktformular\/\">&raquo;&raquo;<\/a><\/p>\n","protected":false},"author":1,"featured_media":0,"parent":644,"menu_order":2,"comment_status":"closed","ping_status":"closed","template":"","meta":{"footnotes":""},"class_list":["post-577","page","type-page","status-publish","hentry"],"_links":{"self":[{"href":"https:\/\/gemeinschaftspraxis-gau-bischofsheim.de\/home\/wp-json\/wp\/v2\/pages\/577"}],"collection":[{"href":"https:\/\/gemeinschaftspraxis-gau-bischofsheim.de\/home\/wp-json\/wp\/v2\/pages"}],"about":[{"href":"https:\/\/gemeinschaftspraxis-gau-bischofsheim.de\/home\/wp-json\/wp\/v2\/types\/page"}],"author":[{"embeddable":true,"href":"https:\/\/gemeinschaftspraxis-gau-bischofsheim.de\/home\/wp-json\/wp\/v2\/users\/1"}],"replies":[{"embeddable":true,"href":"https:\/\/gemeinschaftspraxis-gau-bischofsheim.de\/home\/wp-json\/wp\/v2\/comments?post=577"}],"version-history":[{"count":10,"href":"https:\/\/gemeinschaftspraxis-gau-bischofsheim.de\/home\/wp-json\/wp\/v2\/pages\/577\/revisions"}],"predecessor-version":[{"id":686,"href":"https:\/\/gemeinschaftspraxis-gau-bischofsheim.de\/home\/wp-json\/wp\/v2\/pages\/577\/revisions\/686"}],"up":[{"embeddable":true,"href":"https:\/\/gemeinschaftspraxis-gau-bischofsheim.de\/home\/wp-json\/wp\/v2\/pages\/644"}],"wp:attachment":[{"href":"https:\/\/gemeinschaftspraxis-gau-bischofsheim.de\/home\/wp-json\/wp\/v2\/media?parent=577"}],"curies":[{"name":"wp","href":"https:\/\/api.w.org\/{rel}","templated":true}]}}