{"id":637,"date":"2022-01-04T22:02:04","date_gmt":"2022-01-04T22:02:04","guid":{"rendered":"https:\/\/gemeinschaftspraxis-gau-bischofsheim.de\/home\/?page_id=637"},"modified":"2025-03-17T19:17:31","modified_gmt":"2025-03-17T19:17:31","slug":"sprechzeiten","status":"publish","type":"page","link":"https:\/\/gemeinschaftspraxis-gau-bischofsheim.de\/home\/service\/sprechzeiten\/","title":{"rendered":"\u00d6ffnungszeiten"},"content":{"rendered":"\n<div class=\"separator-headline\"><span><h2>\u00d6ffnungszeiten<\/h2><\/span><\/div>\n\n\n\n<div class=\"wp-block-media-text alignwide has-media-on-the-right is-stacked-on-mobile\" style=\"grid-template-columns:auto 37%\"><div class=\"wp-block-media-text__content\">\n<p>Montag, Dienstag, Donnerstag 8-13Uhr und 15-19 Uhr<\/p>\n\n\n\n<p>Mittwoch, Freitag 8-12 Uhr<\/p>\n\n\n\n<p>Ben\u00f6tigen Sie einen Termin bei einem Arzt, nehmen Sie bitte, telefonisch, per E-Mail oder per Arzt-direkt-App Kontakt mit uns auf.<\/p>\n\n\n\n<p><\/p>\n<\/div><figure class=\"wp-block-media-text__media\"><img loading=\"lazy\" decoding=\"async\" width=\"1024\" height=\"683\" src=\"https:\/\/gemeinschaftspraxis-gau-bischofsheim.de\/wp-content\/uploads\/2023\/10\/IMG-20230310-WA0045-1024x683.jpg\" alt=\"\" class=\"wp-image-870 size-full\" srcset=\"https:\/\/gemeinschaftspraxis-gau-bischofsheim.de\/wp-content\/uploads\/2023\/10\/IMG-20230310-WA0045-1024x683.jpg 1024w, https:\/\/gemeinschaftspraxis-gau-bischofsheim.de\/wp-content\/uploads\/2023\/10\/IMG-20230310-WA0045-300x200.jpg 300w, https:\/\/gemeinschaftspraxis-gau-bischofsheim.de\/wp-content\/uploads\/2023\/10\/IMG-20230310-WA0045-768x512.jpg 768w, https:\/\/gemeinschaftspraxis-gau-bischofsheim.de\/wp-content\/uploads\/2023\/10\/IMG-20230310-WA0045-1536x1024.jpg 1536w, https:\/\/gemeinschaftspraxis-gau-bischofsheim.de\/wp-content\/uploads\/2023\/10\/IMG-20230310-WA0045-600x400.jpg 600w, https:\/\/gemeinschaftspraxis-gau-bischofsheim.de\/wp-content\/uploads\/2023\/10\/IMG-20230310-WA0045-320x213.jpg 320w, https:\/\/gemeinschaftspraxis-gau-bischofsheim.de\/wp-content\/uploads\/2023\/10\/IMG-20230310-WA0045-230x153.jpg 230w, https:\/\/gemeinschaftspraxis-gau-bischofsheim.de\/wp-content\/uploads\/2023\/10\/IMG-20230310-WA0045.jpg 1600w\" sizes=\"(max-width: 1024px) 100vw, 1024px\" \/><\/figure><\/div>\n\n\n\n<div class=\"wp-block-group\"><div class=\"wp-block-group__inner-container is-layout-constrained wp-block-group-is-layout-constrained\">\n<p><\/p>\n\n\n\n<p>Notf\u00e4lle haben Vorrang, k\u00f6nnen jedoch im Praxisablauf zu unvermeidbaren Wartezeiten f\u00fchren.<\/p>\n<\/div><\/div>\n\n\n\n<div class=\"separator-headline\"><span><h2>Termine<\/h2><\/span><\/div>\n\n\n\n<p>Besondere Terminvereinbarungen ben\u00f6tigen Sie f\u00fcr:<\/p>\n\n\n\n<ul class=\"wp-block-list\">\n<li>Vorsorgeuntersuchungen<\/li>\n\n\n\n<li>Versicherungs-, Sport- und F\u00fchrerscheinuntersuchungen<\/li>\n\n\n\n<li>Reiseimpfberatung<\/li>\n\n\n\n<li>Ern\u00e4hrungsmedizinische Beratung<\/li>\n\n\n\n<li>Raucherentw\u00f6hnung<\/li>\n\n\n\n<li>Ultraschall<\/li>\n\n\n\n<li>Akupunktur: nur privat\u00e4rztlich durch Frau Dr. Gerlinde Scherf<\/li>\n<\/ul>\n\n\n\n<p>Sollten Sie einen Termin nicht wahrnehmen k\u00f6nnen, bitten wir um rechtzeitige Absage.<\/p>\n\n\n\n<div class=\"separator-headline\"><span><h2>Hausbesuche<\/h2><\/span><\/div>\n\n\n\n<div class=\"wp-block-media-text alignwide has-media-on-the-right is-stacked-on-mobile\" style=\"grid-template-columns:auto 22%\"><div class=\"wp-block-media-text__content\">\n<p>Hausbesuche bitte bis 9.00 Uhr morgens anmelden. Dringende Hausbesuche k\u00f6nnen jederzeit versorgt werden.<\/p>\n<\/div><figure class=\"wp-block-media-text__media\"><img loading=\"lazy\" decoding=\"async\" width=\"683\" height=\"1024\" src=\"https:\/\/gemeinschaftspraxis-gau-bischofsheim.de\/wp-content\/uploads\/2023\/10\/IMG-20230310-WA0044-683x1024.jpg\" alt=\"\" class=\"wp-image-872 size-full\" srcset=\"https:\/\/gemeinschaftspraxis-gau-bischofsheim.de\/wp-content\/uploads\/2023\/10\/IMG-20230310-WA0044-683x1024.jpg 683w, https:\/\/gemeinschaftspraxis-gau-bischofsheim.de\/wp-content\/uploads\/2023\/10\/IMG-20230310-WA0044-200x300.jpg 200w, https:\/\/gemeinschaftspraxis-gau-bischofsheim.de\/wp-content\/uploads\/2023\/10\/IMG-20230310-WA0044-768x1152.jpg 768w, https:\/\/gemeinschaftspraxis-gau-bischofsheim.de\/wp-content\/uploads\/2023\/10\/IMG-20230310-WA0044-1024x1536.jpg 1024w, https:\/\/gemeinschaftspraxis-gau-bischofsheim.de\/wp-content\/uploads\/2023\/10\/IMG-20230310-WA0044.jpg 1067w\" sizes=\"(max-width: 683px) 100vw, 683px\" \/><\/figure><\/div>\n\n\n\n<p><\/p>\n\n\n\n<div class=\"separator-headline\"><span><h2>Versicherungskarte<\/h2><\/span><\/div>\n\n\n\n<p>Gesetzlich versicherte Patienten bitten wir, die Versicherungskarte unaufgefordert am Anfang eines jeden Quartals vorzulegen, da wir ansonsten weder Rezepte noch Krankmeldungen oder \u00dcberweisungen erstellen k\u00f6nnen.<\/p>\n","protected":false},"excerpt":{"rendered":"<p>Montag, Dienstag, Donnerstag 8-13Uhr und 15-19 Uhr Mittwoch, Freitag 8-12 Uhr Ben\u00f6tigen Sie einen Termin bei einem Arzt, nehmen Sie bitte, telefonisch, per E-Mail oder <a href=\"https:\/\/gemeinschaftspraxis-gau-bischofsheim.de\/home\/service\/sprechzeiten\/\">&raquo;&raquo;<\/a><\/p>\n","protected":false},"author":1,"featured_media":0,"parent":644,"menu_order":1,"comment_status":"closed","ping_status":"closed","template":"","meta":{"footnotes":""},"class_list":["post-637","page","type-page","status-publish","hentry"],"_links":{"self":[{"href":"https:\/\/gemeinschaftspraxis-gau-bischofsheim.de\/home\/wp-json\/wp\/v2\/pages\/637"}],"collection":[{"href":"https:\/\/gemeinschaftspraxis-gau-bischofsheim.de\/home\/wp-json\/wp\/v2\/pages"}],"about":[{"href":"https:\/\/gemeinschaftspraxis-gau-bischofsheim.de\/home\/wp-json\/wp\/v2\/types\/page"}],"author":[{"embeddable":true,"href":"https:\/\/gemeinschaftspraxis-gau-bischofsheim.de\/home\/wp-json\/wp\/v2\/users\/1"}],"replies":[{"embeddable":true,"href":"https:\/\/gemeinschaftspraxis-gau-bischofsheim.de\/home\/wp-json\/wp\/v2\/comments?post=637"}],"version-history":[{"count":5,"href":"https:\/\/gemeinschaftspraxis-gau-bischofsheim.de\/home\/wp-json\/wp\/v2\/pages\/637\/revisions"}],"predecessor-version":[{"id":927,"href":"https:\/\/gemeinschaftspraxis-gau-bischofsheim.de\/home\/wp-json\/wp\/v2\/pages\/637\/revisions\/927"}],"up":[{"embeddable":true,"href":"https:\/\/gemeinschaftspraxis-gau-bischofsheim.de\/home\/wp-json\/wp\/v2\/pages\/644"}],"wp:attachment":[{"href":"https:\/\/gemeinschaftspraxis-gau-bischofsheim.de\/home\/wp-json\/wp\/v2\/media?parent=637"}],"curies":[{"name":"wp","href":"https:\/\/api.w.org\/{rel}","templated":true}]}}