{"id":639,"date":"2023-06-06T18:19:07","date_gmt":"2023-06-06T18:19:07","guid":{"rendered":"https:\/\/gemeinschaftspraxis-gau-bischofsheim.de\/home\/?page_id=639"},"modified":"2024-07-10T14:00:28","modified_gmt":"2024-07-10T14:00:28","slug":"bestellungen","status":"publish","type":"page","link":"https:\/\/gemeinschaftspraxis-gau-bischofsheim.de\/home\/bestellungen\/","title":{"rendered":"Bestellungen"},"content":{"rendered":"\n<div class=\"separator-headline\"><span><h2>Formulare<\/h2><\/span><\/div>\n\n\n\n<p>Formulare (Rezepte, \u00dcberweisungen etc.) bitte per Kontaktformular, per App oder telefonisch am Vortag bestellen. <strong>Achtung<\/strong>: Zu Beginn eines neuen Quartals (1.1.\/1.4.\/1.7.\/1.10.) mu\u00df immer zuerst die <strong>Versichertenkarte <\/strong>in der Praxis eingelesen werden, bevor wir f\u00fcr Sie t\u00e4tig werden k\u00f6nnen!<br>Bitte beachten Sie, dass die Abholung nur am n\u00e4chsten Arbeitstag erfolgen kann, wenn die Bestellung bis 12 Uhr eingegangen ist.<\/p>\n\n\n\n<p><a href=\"https:\/\/gemeinschaftspraxis-gau-bischofsheim.de\/home\/bestellungen\/rezept\/\" data-type=\"page\" data-id=\"803\">Rezept<\/a><\/p>\n\n\n\n<p><a href=\"https:\/\/gemeinschaftspraxis-gau-bischofsheim.de\/home\/bestellungen\/ueberweisung\/\" data-type=\"page\" data-id=\"805\">\u00dcberweisung<\/a><\/p>\n","protected":false},"excerpt":{"rendered":"<p>Formulare (Rezepte, \u00dcberweisungen etc.) bitte per Kontaktformular, per App oder telefonisch am Vortag bestellen. Achtung: Zu Beginn eines neuen Quartals (1.1.\/1.4.\/1.7.\/1.10.) mu\u00df immer zuerst die <a href=\"https:\/\/gemeinschaftspraxis-gau-bischofsheim.de\/home\/bestellungen\/\">&raquo;&raquo;<\/a><\/p>\n","protected":false},"author":1,"featured_media":0,"parent":0,"menu_order":0,"comment_status":"closed","ping_status":"closed","template":"","meta":{"footnotes":""},"class_list":["post-639","page","type-page","status-publish","hentry"],"_links":{"self":[{"href":"https:\/\/gemeinschaftspraxis-gau-bischofsheim.de\/home\/wp-json\/wp\/v2\/pages\/639"}],"collection":[{"href":"https:\/\/gemeinschaftspraxis-gau-bischofsheim.de\/home\/wp-json\/wp\/v2\/pages"}],"about":[{"href":"https:\/\/gemeinschaftspraxis-gau-bischofsheim.de\/home\/wp-json\/wp\/v2\/types\/page"}],"author":[{"embeddable":true,"href":"https:\/\/gemeinschaftspraxis-gau-bischofsheim.de\/home\/wp-json\/wp\/v2\/users\/1"}],"replies":[{"embeddable":true,"href":"https:\/\/gemeinschaftspraxis-gau-bischofsheim.de\/home\/wp-json\/wp\/v2\/comments?post=639"}],"version-history":[{"count":14,"href":"https:\/\/gemeinschaftspraxis-gau-bischofsheim.de\/home\/wp-json\/wp\/v2\/pages\/639\/revisions"}],"predecessor-version":[{"id":900,"href":"https:\/\/gemeinschaftspraxis-gau-bischofsheim.de\/home\/wp-json\/wp\/v2\/pages\/639\/revisions\/900"}],"wp:attachment":[{"href":"https:\/\/gemeinschaftspraxis-gau-bischofsheim.de\/home\/wp-json\/wp\/v2\/media?parent=639"}],"curies":[{"name":"wp","href":"https:\/\/api.w.org\/{rel}","templated":true}]}}